{"id":2,"date":"2013-12-10T09:05:39","date_gmt":"2013-12-10T09:05:39","guid":{"rendered":"http:\/\/neu.open-door.at\/?page_id=2"},"modified":"2014-03-10T07:34:19","modified_gmt":"2014-03-10T06:34:19","slug":"beispiel-seite","status":"publish","type":"page","link":"https:\/\/open-door.at\/","title":{"rendered":"Start"},"content":{"rendered":"<p>OPEN-DOOR \u00f6ffnet T\u00fcren &#8230;<\/p>\n<p>&#8230; dem Management, weil damit die richtigen Personen recruitiert werden k\u00f6nnen,<\/p>\n<p>&#8230; den F\u00fchrungskr\u00e4ften, weil damit der richtige Einsatz der Mitarbeiter bestimmt werden kann,<\/p>\n<p>&#8230; den Jobsuchenden, weil damit die richtigen Argumente f\u00fcr erfolgreiche Einstellungsgespr\u00e4che verf\u00fcgbar werden,<\/p>\n<p>&#8230; den Kleinunternehmen, die sich keine aufwendigen Tests leisten wollen und damit das Risiko von falschen Personalentscheidungen minimieren,<\/p>\n<p>&#8230; den Personalchefs, die damit ein wirkungsvolles Instrument erhalten,<\/p>\n<p>&#8230; den F\u00fchrungskr\u00e4ften und Mitarbeitern, die sich f\u00fcr Karrieregespr\u00e4che punktgenau vorbereiten wollen.<\/p>\n<blockquote><p>Die Open-Door-Pers\u00f6nlichkeitsanalyse basiert auf einem bew\u00e4hrten und seit Jahrzehnten erfolgreich eingesetzten Instrument, das f\u00fcr Firmen wie auch f\u00fcr Jobsuchende wichtig und hilfreich ist. Die wissenschaftliche Basis und eine auf Millionen von Datens\u00e4tzen aufgebaute statistische Sicherheit bringen unverf\u00e4lschte und aussagekr\u00e4ftige Ergebnisse!<\/p>\n<p>&nbsp;<\/p>\n<p>&nbsp;<\/p><\/blockquote>\n<p>&nbsp;<\/p>\n","protected":false},"excerpt":{"rendered":"<p>OPEN-DOOR \u00f6ffnet T\u00fcren &#8230; &#8230; dem Management, weil damit die richtigen Personen recruitiert werden k\u00f6nnen, &#8230; den F\u00fchrungskr\u00e4ften, weil damit der richtige Einsatz der Mitarbeiter bestimmt werden kann, &#8230; den Jobsuchenden, weil damit die richtigen Argumente f\u00fcr erfolgreiche Einstellungsgespr\u00e4che verf\u00fcgbar werden, &#8230; den Kleinunternehmen, die sich keine aufwendigen Tests leisten wollen und damit das Risiko &hellip; <a href=\"https:\/\/open-door.at\/\" class=\"more-link\"><span class=\"screen-reader-text\">Start<\/span> weiterlesen <span class=\"meta-nav\">&rarr;<\/span><\/a><\/p>\n","protected":false},"author":1,"featured_media":0,"parent":0,"menu_order":0,"comment_status":"closed","ping_status":"closed","template":"","meta":[],"_links":{"self":[{"href":"https:\/\/open-door.at\/index.php?rest_route=\/wp\/v2\/pages\/2"}],"collection":[{"href":"https:\/\/open-door.at\/index.php?rest_route=\/wp\/v2\/pages"}],"about":[{"href":"https:\/\/open-door.at\/index.php?rest_route=\/wp\/v2\/types\/page"}],"author":[{"embeddable":true,"href":"https:\/\/open-door.at\/index.php?rest_route=\/wp\/v2\/users\/1"}],"replies":[{"embeddable":true,"href":"https:\/\/open-door.at\/index.php?rest_route=%2Fwp%2Fv2%2Fcomments&post=2"}],"version-history":[{"count":5,"href":"https:\/\/open-door.at\/index.php?rest_route=\/wp\/v2\/pages\/2\/revisions"}],"predecessor-version":[{"id":118,"href":"https:\/\/open-door.at\/index.php?rest_route=\/wp\/v2\/pages\/2\/revisions\/118"}],"wp:attachment":[{"href":"https:\/\/open-door.at\/index.php?rest_route=%2Fwp%2Fv2%2Fmedia&parent=2"}],"curies":[{"name":"wp","href":"https:\/\/api.w.org\/{rel}","templated":true}]}}