{"id":20,"date":"2014-03-08T09:53:30","date_gmt":"2014-03-08T07:53:30","guid":{"rendered":"http:\/\/neu.open-door.at\/?page_id=20"},"modified":"2014-03-10T06:15:06","modified_gmt":"2014-03-10T05:15:06","slug":"agb","status":"publish","type":"page","link":"https:\/\/open-door.at\/?page_id=20","title":{"rendered":"AGB"},"content":{"rendered":"<p><strong>\u00a71. Geltungsbereich<\/strong><\/p>\n<p>1.1 Die hier vorliegenden AGB beschr\u00e4nken sich auf die Leistungen und Angebote von iilo in Bezug auf die VPA (Verhaltensprofilanalyse von Thomas International), die auf seitens iilo auch als OPEN-DOOR-Profilanalyse bezeichnet wird. \u00a0Weitere auf dieser Website verlinkte Seiten, die selbstst\u00e4ndig Leistungen unterliegen entweder den auf den daf\u00fcr angef\u00fchrten Websites dargestellten AGB oder \u2013 wenn solche nicht explizit pr\u00e4sentiert werden \u2013 den gesetzlichen Erfordernissen und sind nicht dem Verein iilo zuzuordnen.<\/p>\n<p>Kunden, welche die auf dieser Seite angebotenen Leistungen in Anspruch nehmen, \u00a0erkl\u00e4ren sich mit den hier vorliegenden Allgemeinen Gesch\u00e4ftsbedingungen des Instituts f\u00fcr individuelle Leistungsoptimierung (in der Folge kurz iilo genannt) uneingeschr\u00e4nkt und vorbehaltlos einverstanden.<\/p>\n<p>1.2 Die von iilo angebotenen Leistungen und Produkte erfolgen aufgrund dieser Gesch\u00e4ftsbedingungen, wenn Leistungen und Produkte direkt von iilo in Anspruch genommen werden. Sp\u00e4testens mit der Inanspruchnahme des Produkts oder der Dienstleistung gelten diese Bedingungen als angenommen. Gegenbest\u00e4tigungen unter Hinweis auf eigene Gesch\u00e4ftsbedingungen werden hiermit ausdr\u00fccklich widersprochen.<\/p>\n<p>1.4 Schriftliche Individualvereinbarungen gehen diesen Gesch\u00e4ftsbedingungen vor.<\/p>\n<p><strong>\u00a72. Angebot und Vertragsabschluss<\/strong><\/p>\n<p>2.1 Die Angebote von iilo sind freibleibend und unverbindlich. Ein Vertrag kommt dann zustande, wenn beiderseits eine entsprechende schriftliche Vereinbarung unterzeichnet wird, ein Angebot schriftlich oder durch Erf\u00fcllung angenommen wird bzw. wenn der Kunde bei Onlinebestellungen, das Bestellformular ausf\u00fcllt, an iilo absendet und den in der Folge den an seine E-Mail-Adresse \u00fcbermittelten Link best\u00e4tigt.<\/p>\n<p>2.2 Der Kunde hat das Recht Muster anzufordern und sich im Vorfeld \u00fcber das Produkt bzw. \u00fcber die Auswertungen der Analysen zu informieren. Mit Durchf\u00fchrung der Analyse gilt die Leistung als unwiderruflich erbracht. Der Kunde hat bei Onlinebestellungen aber jederzeit das Recht die Analyse abzubrechen bzw. nicht abzusenden. In diesem Fall tritt ein vierzehnt\u00e4giges R\u00fccktrittsrecht, das formlos per E-Mail erfolgen kann, in Kraft.<\/p>\n<p>2.3 Bei Paketl\u00f6sungen gegen\u00fcber Firmen gilt eine schriftliche Termin- und Preiszusage \u00a0&#8211; sofern im Angebot nicht anders ausgewiesen &#8211; als unverbindlicher Richtpreis bzw. -termin und nicht als verbindliche Zusage, da unvorhersehbare Termin- und Preis\u00e4nderungen eintreten k\u00f6nnen.<\/p>\n<p>2.4 Angebote und deren Annahme k\u00f6nnen auch per E-Mail bzw. auch m\u00fcndlich erfolgen. Sp\u00e4testens mit der Inanspruchnahme der ersten Leistung oder einer Teilleistung gilt das Angebot seitens des Kunden als angenommen.<\/p>\n<p>2.5 iilo beh\u00e4lt sich bei pers\u00f6nlichen Terminen (gilt nicht f\u00fcr Onlinebestellungen) vor, bei Vorliegen triftiger Gr\u00fcnde Leistungen nicht durchzuf\u00fchren. Als triftige Gr\u00fcnde gelten u.a. Krankheit oder eine ungen\u00fcgende Gruppengr\u00f6\u00dfe oder technische Gr\u00fcnde. iilo steht das Recht zu, die Leistung innerhalb einer Frist von einem Monat nachzuholen.<\/p>\n<p>2.6 iilo best\u00e4tigt, dass der Verein selbst oder zumindest ein Proponent von iilo zertifizierter Partner von Thomas International ist und somit befugt ist, VPAs durchzuf\u00fchren. Zu diesem Zweck kauft iilo Leistungen bei Thomas International zu.<\/p>\n<p><strong>\u00a73. Preisgestaltung<\/strong><\/p>\n<p>Die auf dieser Website angef\u00fchrten Preise verstehen sich als Bruttopreise. Gegen\u00fcber Firmen und Institutionen kommt das Nettopreisprinzip zur Anwendung. Bei diesen Gruppen ist mangels besonderer Vereinbarung \u00a0die Zahlung gem\u00e4\u00df dem Angebot ohne Abzug zu leisten. Die Zur\u00fcckhaltung von Zahlungen oder die Aufrechnung wegen etwaiger von iilo bestrittener Gegenanspr\u00fcche des K\u00e4ufers ist nicht statthaft<\/p>\n<p><strong>\u00a74. Vertragslaufzeit, K\u00fcndigung<\/strong><\/p>\n<p>4.1 Die Vertragslaufzeit richtet sich bei Firmen nach Produkt und Dienstleistung und ist gesondert im jeweiligen Vertrag festgelegt. Bei Privatkunden gilt der Vertrag mit Lieferung der OPEN-DOOR-Analyse und der Bezahlung dieser als erf\u00fcllt.<\/p>\n<p>4.2 Bei Firmen und Institutionen kann eine K\u00fcndigung von Vertr\u00e4gen \u00a0nur unter Einhaltung der meist gesondert angegebenen\u00a0Stornobedingungen erfolgen. Sollten im speziellen Fall keine gesondert angegebenen Stornobedingungen vorhanden sein, so werden bis zu zwei Monaten vor der Leistung 30% des Gesamtpreises des Produkts oder der Dienstleistung verrechnet, bis zu einem Monat vor Inanspruchnahme der Dienstleistung werden 50% des Gesamtpreises verrechnet und danach gelten 70% des Gesamtpreises als Stornogeb\u00fchr.<\/p>\n<p>4.3 Bei Preiserh\u00f6hungen von \u00fcber 10% steht dem Kunden ein au\u00dferordentliches K\u00fcndigungsrecht mit sofortiger Wirkung zu.<\/p>\n<p><strong>\u00a75. Zahlungsbedingungen<\/strong><\/p>\n<p>5.1 Privatkunden bezahlen bei Onlinebestellungen im Voraus bzw. wenn der Kunde bekannt ist und iilo damit einverstanden ist, per Rechnung innerhalb von 14 Tagen. Firmenkunden verpflichten sich, die Rechnungen von iilo binnen 14 Tagen nach Erhalt der Rechnung zu begleichen.<\/p>\n<p>5.2 Ist der Kunde mit f\u00e4lligen Zahlungen im Verzug, so ist iilo berechtigt, rechtliche Schritte einzuleiten. Geht der Betrag nicht innerhalb der gemahnten Fristen ein, so ist iilo berechtigt, den Vertrag fristlos zu k\u00fcndigen und einen evtl. Schadensersatz geltend zu machen.<\/p>\n<p>5.3. F\u00fcr iilo gilt die Kleinunternehmerregelung. Somit ist iilo von der Verrechnung der Mehrwertsteuer befreit. iilo beh\u00e4lt sich vor im Falle des \u00dcberschreitens der gesetzlichen Umsatzgr\u00f6\u00dfe f\u00fcr die Kleinunternehmerregelung, die Mehrwertsteuer zuzuschlagen. In diesem Fall gilt der o.a. Punkt 5.1. nicht.<\/p>\n<p><strong>\u00a76. Datensicherung<\/strong><\/p>\n<p>6.1 Der Kunde stellt iilo von s\u00e4mtlichen Anspr\u00fcchen Dritter hinsichtlich der \u00fcberlassenen Daten frei.<\/p>\n<p>6.2 Dem Kunden ist bekannt, dass aufgrund der Struktur des Internet die M\u00f6glichkeit besteht,\u00a0\u00fcbermittelte Daten abzuh\u00f6ren bzw. abzufangen, dieses Risiko nimmt der Kunde in Kauf. iilo haftet nicht f\u00fcr Verletzungen der Vertraulichkeit von E-Mail-Nachrichten oder anders \u00fcbermittelten Informationen.<\/p>\n<p><strong>\u00a77. Haftung, Schadenersatz<\/strong><\/p>\n<p>7.1 iilo \u00fcbernimmt keine Garantie f\u00fcr den Fall, dass Dienstleistungen und Produkte kurzfristig ausfallen. Haftung und Schadenersatzanspr\u00fcche sind auf die H\u00f6he des Auftragswertes beschr\u00e4nkt.<\/p>\n<p>7.2 iilo \u00fcbernimmt keine Haftung f\u00fcr die Wirkung und allf\u00e4lligen Folgen, die aus den Angeboten und Leistungen von iilo entstehen.<\/p>\n<p>7.3 F\u00fcr Folgen und Sch\u00e4den jeglicher Art, die aus dem Punkt 2.5 entstehen kann gegen\u00fcber iilo kein Ersatz geltend gemacht werden.<\/p>\n<p>7.4 iilo betont, dass der Verein und seine Proponenten keinesfalls f\u00fcr Leistungen, die von iilo-PartnerInnen erbracht werden, haftbar gemacht werden kann.<\/p>\n<p>7.5 F\u00fcr diese Allgemeinen Gesch\u00e4ftsbedingungen sowie f\u00fcr die gesamten Gesch\u00e4ftsbeziehungen zwischen iilo und dem Kunden gilt das Recht der Republik \u00d6sterreich als zwingend vereinbart. Gerichtsstand ist Klagenfurt.<\/p>\n","protected":false},"excerpt":{"rendered":"<p>\u00a71. Geltungsbereich 1.1 Die hier vorliegenden AGB beschr\u00e4nken sich auf die Leistungen und Angebote von iilo in Bezug auf die VPA (Verhaltensprofilanalyse von Thomas International), die auf seitens iilo auch als OPEN-DOOR-Profilanalyse bezeichnet wird. \u00a0Weitere auf dieser Website verlinkte Seiten, die selbstst\u00e4ndig Leistungen unterliegen entweder den auf den daf\u00fcr angef\u00fchrten Websites dargestellten AGB oder \u2013 &hellip; <a href=\"https:\/\/open-door.at\/?page_id=20\" class=\"more-link\"><span class=\"screen-reader-text\">AGB<\/span> weiterlesen <span class=\"meta-nav\">&rarr;<\/span><\/a><\/p>\n","protected":false},"author":1,"featured_media":0,"parent":0,"menu_order":0,"comment_status":"closed","ping_status":"closed","template":"","meta":[],"_links":{"self":[{"href":"https:\/\/open-door.at\/index.php?rest_route=\/wp\/v2\/pages\/20"}],"collection":[{"href":"https:\/\/open-door.at\/index.php?rest_route=\/wp\/v2\/pages"}],"about":[{"href":"https:\/\/open-door.at\/index.php?rest_route=\/wp\/v2\/types\/page"}],"author":[{"embeddable":true,"href":"https:\/\/open-door.at\/index.php?rest_route=\/wp\/v2\/users\/1"}],"replies":[{"embeddable":true,"href":"https:\/\/open-door.at\/index.php?rest_route=%2Fwp%2Fv2%2Fcomments&post=20"}],"version-history":[{"count":3,"href":"https:\/\/open-door.at\/index.php?rest_route=\/wp\/v2\/pages\/20\/revisions"}],"predecessor-version":[{"id":113,"href":"https:\/\/open-door.at\/index.php?rest_route=\/wp\/v2\/pages\/20\/revisions\/113"}],"wp:attachment":[{"href":"https:\/\/open-door.at\/index.php?rest_route=%2Fwp%2Fv2%2Fmedia&parent=20"}],"curies":[{"name":"wp","href":"https:\/\/api.w.org\/{rel}","templated":true}]}}