{"id":22,"date":"2014-03-08T09:54:23","date_gmt":"2014-03-08T07:54:23","guid":{"rendered":"http:\/\/neu.open-door.at\/?page_id=22"},"modified":"2014-03-10T06:20:10","modified_gmt":"2014-03-10T05:20:10","slug":"copyright","status":"publish","type":"page","link":"https:\/\/open-door.at\/?page_id=22","title":{"rendered":"Copyright"},"content":{"rendered":"<p>Texte auf dieser Seite unterliegen dem Copyright und sind nur unter Einhaltung der einschl\u00e4gigen Zitierregeln anderweitig verwendbar.<\/p>\n<p>Allf\u00e4llige auf dieser Website angebotene Downloads d\u00fcrfen nur verlinkt werden, aber nicht auf andere Seiten geladen werden.<\/p>\n<p>Die auf dieser Website angef\u00fchrten Bilder stammen entweder aus Privatquellen oder aus Bilddatenbanken. In jedem Fall besteht die Berechtigung zur Ver\u00f6ffentlichung.<\/p>\n","protected":false},"excerpt":{"rendered":"<p>Texte auf dieser Seite unterliegen dem Copyright und sind nur unter Einhaltung der einschl\u00e4gigen Zitierregeln anderweitig verwendbar. Allf\u00e4llige auf dieser Website angebotene Downloads d\u00fcrfen nur verlinkt werden, aber nicht auf andere Seiten geladen werden. Die auf dieser Website angef\u00fchrten Bilder stammen entweder aus Privatquellen oder aus Bilddatenbanken. In jedem Fall besteht die Berechtigung zur Ver\u00f6ffentlichung.<\/p>\n","protected":false},"author":1,"featured_media":0,"parent":0,"menu_order":0,"comment_status":"closed","ping_status":"closed","template":"","meta":[],"_links":{"self":[{"href":"https:\/\/open-door.at\/index.php?rest_route=\/wp\/v2\/pages\/22"}],"collection":[{"href":"https:\/\/open-door.at\/index.php?rest_route=\/wp\/v2\/pages"}],"about":[{"href":"https:\/\/open-door.at\/index.php?rest_route=\/wp\/v2\/types\/page"}],"author":[{"embeddable":true,"href":"https:\/\/open-door.at\/index.php?rest_route=\/wp\/v2\/users\/1"}],"replies":[{"embeddable":true,"href":"https:\/\/open-door.at\/index.php?rest_route=%2Fwp%2Fv2%2Fcomments&post=22"}],"version-history":[{"count":3,"href":"https:\/\/open-door.at\/index.php?rest_route=\/wp\/v2\/pages\/22\/revisions"}],"predecessor-version":[{"id":115,"href":"https:\/\/open-door.at\/index.php?rest_route=\/wp\/v2\/pages\/22\/revisions\/115"}],"wp:attachment":[{"href":"https:\/\/open-door.at\/index.php?rest_route=%2Fwp%2Fv2%2Fmedia&parent=22"}],"curies":[{"name":"wp","href":"https:\/\/api.w.org\/{rel}","templated":true}]}}