{"id":24,"date":"2014-03-08T09:57:21","date_gmt":"2014-03-08T07:57:21","guid":{"rendered":"http:\/\/neu.open-door.at\/?page_id=24"},"modified":"2014-03-10T06:16:21","modified_gmt":"2014-03-10T05:16:21","slug":"datenschutz","status":"publish","type":"page","link":"https:\/\/open-door.at\/?page_id=24","title":{"rendered":"Datenschutz"},"content":{"rendered":"<p>Die Angabe von pers\u00f6nlichen oder gesch\u00e4ftlichen Daten an OPEN-DOOR &#8211; z.B. E-Mail-Adressen, Namen, Anschriften, Tel.Nr, etc. &#8211; erfolgt auf ausdr\u00fccklich freiwilliger Basis seitens des Bereitstellers dieser Daten bzw. des Nutzers dieser website. Dieser erkl\u00e4rt sich damit einverstanden, dass der Betreiber dieser Seite\u00a0bzw. von diesem definierte Partnerunternehmen diese Daten im Rahmen ihrer gesch\u00e4ftlichen Aktivit\u00e4ten verwenden k\u00f6nnen. Als Partnerunternehmen gelten nur solche, die \u00fcber die Firmenleitung oder gesellschaftsrechtlich mit OPEN-DOOR bzw. seinem Tr\u00e4gerunternehmen verbunden sind.<\/p>\n<p>OPEN-DOOR erkl\u00e4rt, dass Daten von Interessenten oder Kunden keinesfalls an Adressagenturen weitergegeben werden bzw. verkauft werden. OPENDOOR ist bem\u00fcht, die zur Verf\u00fcgung gestellten Daten zu sch\u00fctzen. Dem Nutzer dieser webseite ist es aber auch bewusst, dass Daten von Dritten (z.B. Hacker) missbr\u00e4uchlich verwendet werden k\u00f6nnen. Der Nutzer schlie\u00dft Haftungsanspr\u00fcche aus einer solchen missbr\u00e4uchlichen Verwendung gegen\u00fcber OPEN-DOOR bzw. dem Tr\u00e4gerunternehmen sowie seinen Managern aus.<\/p>\n<p>Die Nutzung der im Rahmen des Impressums oder vergleichbarer Angaben ver\u00f6ffentlichten Kontaktdaten wie Postanschriften, Telefon- und Faxnummern sowie E-Mail-Adressen durch Dritte, zur \u00dcbersendung von nicht ausdr\u00fccklich angeforderten Informationen, ist nicht gestattet. OPEN-DOOR beh\u00e4lt sich rechtliche Schritte gegen die Versender von sogenannten Spam-Mails bei Verst\u00f6\u00dfen gegen dieses Verbot ausdr\u00fccklich vor.<\/p>\n","protected":false},"excerpt":{"rendered":"<p>Die Angabe von pers\u00f6nlichen oder gesch\u00e4ftlichen Daten an OPEN-DOOR &#8211; z.B. E-Mail-Adressen, Namen, Anschriften, Tel.Nr, etc. &#8211; erfolgt auf ausdr\u00fccklich freiwilliger Basis seitens des Bereitstellers dieser Daten bzw. des Nutzers dieser website. Dieser erkl\u00e4rt sich damit einverstanden, dass der Betreiber dieser Seite\u00a0bzw. von diesem definierte Partnerunternehmen diese Daten im Rahmen ihrer gesch\u00e4ftlichen Aktivit\u00e4ten verwenden k\u00f6nnen. &hellip; <a href=\"https:\/\/open-door.at\/?page_id=24\" class=\"more-link\"><span class=\"screen-reader-text\">Datenschutz<\/span> weiterlesen <span class=\"meta-nav\">&rarr;<\/span><\/a><\/p>\n","protected":false},"author":1,"featured_media":0,"parent":0,"menu_order":0,"comment_status":"closed","ping_status":"closed","template":"","meta":[],"_links":{"self":[{"href":"https:\/\/open-door.at\/index.php?rest_route=\/wp\/v2\/pages\/24"}],"collection":[{"href":"https:\/\/open-door.at\/index.php?rest_route=\/wp\/v2\/pages"}],"about":[{"href":"https:\/\/open-door.at\/index.php?rest_route=\/wp\/v2\/types\/page"}],"author":[{"embeddable":true,"href":"https:\/\/open-door.at\/index.php?rest_route=\/wp\/v2\/users\/1"}],"replies":[{"embeddable":true,"href":"https:\/\/open-door.at\/index.php?rest_route=%2Fwp%2Fv2%2Fcomments&post=24"}],"version-history":[{"count":1,"href":"https:\/\/open-door.at\/index.php?rest_route=\/wp\/v2\/pages\/24\/revisions"}],"predecessor-version":[{"id":25,"href":"https:\/\/open-door.at\/index.php?rest_route=\/wp\/v2\/pages\/24\/revisions\/25"}],"wp:attachment":[{"href":"https:\/\/open-door.at\/index.php?rest_route=%2Fwp%2Fv2%2Fmedia&parent=24"}],"curies":[{"name":"wp","href":"https:\/\/api.w.org\/{rel}","templated":true}]}}