{"id":26,"date":"2014-03-08T10:20:49","date_gmt":"2014-03-08T08:20:49","guid":{"rendered":"http:\/\/neu.open-door.at\/?page_id=26"},"modified":"2014-03-10T06:15:40","modified_gmt":"2014-03-10T05:15:40","slug":"haftungssausschluss","status":"publish","type":"page","link":"https:\/\/open-door.at\/?page_id=26","title":{"rendered":"Haftungssausschluss"},"content":{"rendered":"<p>Bei direkten oder indirekten Verweisen auf fremde Webseiten liegt die inhaltliche Verantwortung ausschlie\u00dflich beim Betreiber dieser Seiten und steht somit au\u00dferhalb des Verantwortungsbereiches von OPEN-DOOR. Diese erkl\u00e4rt hiermit, dass zum Zeitpunkt der Linksetzung keine rechtlich bedenklichen Inhalte auf den verlinkten Seiten erkennbar waren. Auf sp\u00e4tere \u00c4nderungen hat OPEN-DOOR \u00a0keinen Einfluss. Sollten wir von Rechtsverst\u00f6\u00dfen auf verlinkten Seiten erfahren, werden wir umgehend reagieren. Jedenfalls \u00fcbernehmen wir keine wie immer geartete Haftung f\u00fcr die Nutzung von verlinkten Seiten.<\/p>\n<p>Allf\u00e4llige fachliche Informationen auf dieser website stammen &#8211; sofern sie nicht direkt von OPEN-DOOR erstellt wurden &#8211; aus verschiedenen Quellen, die nach bestem Wissen und Gewissen recherchiert wurden. OPEN-DOOR \u00fcbernimmt allerdings keine Haftung f\u00fcr den Inhalt dieser Quellen.<\/p>\n","protected":false},"excerpt":{"rendered":"<p>Bei direkten oder indirekten Verweisen auf fremde Webseiten liegt die inhaltliche Verantwortung ausschlie\u00dflich beim Betreiber dieser Seiten und steht somit au\u00dferhalb des Verantwortungsbereiches von OPEN-DOOR. Diese erkl\u00e4rt hiermit, dass zum Zeitpunkt der Linksetzung keine rechtlich bedenklichen Inhalte auf den verlinkten Seiten erkennbar waren. Auf sp\u00e4tere \u00c4nderungen hat OPEN-DOOR \u00a0keinen Einfluss. Sollten wir von Rechtsverst\u00f6\u00dfen auf &hellip; <a href=\"https:\/\/open-door.at\/?page_id=26\" class=\"more-link\"><span class=\"screen-reader-text\">Haftungssausschluss<\/span> weiterlesen <span class=\"meta-nav\">&rarr;<\/span><\/a><\/p>\n","protected":false},"author":1,"featured_media":0,"parent":0,"menu_order":0,"comment_status":"closed","ping_status":"closed","template":"","meta":[],"_links":{"self":[{"href":"https:\/\/open-door.at\/index.php?rest_route=\/wp\/v2\/pages\/26"}],"collection":[{"href":"https:\/\/open-door.at\/index.php?rest_route=\/wp\/v2\/pages"}],"about":[{"href":"https:\/\/open-door.at\/index.php?rest_route=\/wp\/v2\/types\/page"}],"author":[{"embeddable":true,"href":"https:\/\/open-door.at\/index.php?rest_route=\/wp\/v2\/users\/1"}],"replies":[{"embeddable":true,"href":"https:\/\/open-door.at\/index.php?rest_route=%2Fwp%2Fv2%2Fcomments&post=26"}],"version-history":[{"count":1,"href":"https:\/\/open-door.at\/index.php?rest_route=\/wp\/v2\/pages\/26\/revisions"}],"predecessor-version":[{"id":27,"href":"https:\/\/open-door.at\/index.php?rest_route=\/wp\/v2\/pages\/26\/revisions\/27"}],"wp:attachment":[{"href":"https:\/\/open-door.at\/index.php?rest_route=%2Fwp%2Fv2%2Fmedia&parent=26"}],"curies":[{"name":"wp","href":"https:\/\/api.w.org\/{rel}","templated":true}]}}