{"id":28,"date":"2014-03-08T10:23:08","date_gmt":"2014-03-08T08:23:08","guid":{"rendered":"http:\/\/neu.open-door.at\/?page_id=28"},"modified":"2014-03-10T05:26:59","modified_gmt":"2014-03-10T04:26:59","slug":"impressum","status":"publish","type":"page","link":"https:\/\/open-door.at\/?page_id=28","title":{"rendered":"Impressum"},"content":{"rendered":"<p>iilo \u2013 Institut f\u00fcr individuelle Leistungsoptimierung<\/p>\n<div>\n<p>gemeinn\u00fctziger Verein<\/p>\n<p>Teichstra\u00dfe 2<\/p>\n<p>9063 Maria Saal<\/p>\n<p>\u00d6sterreich<\/p>\n<p>&nbsp;<\/p>\n<p>Tel. 0043 463 591559<\/p>\n<p>Fax 0043 4223 29196<\/p>\n<p>&nbsp;<\/p>\n<p><strong>Zust\u00e4ndige Kontrollbeh\u00f6rde:<\/strong>\u00a0Bezirkshauptmannschaft Klagenfurt<\/p>\n<p>Vereinsregisternummer 373378344<\/p>\n<p>&nbsp;<\/p>\n<p>Webdesign und Webmaster:<\/p>\n<p>Arca&amp;Archa, London<\/p>\n<\/div>\n<p>&nbsp;<\/p>\n","protected":false},"excerpt":{"rendered":"<p>iilo \u2013 Institut f\u00fcr individuelle Leistungsoptimierung gemeinn\u00fctziger Verein Teichstra\u00dfe 2 9063 Maria Saal \u00d6sterreich &nbsp; Tel. 0043 463 591559 Fax 0043 4223 29196 &nbsp; Zust\u00e4ndige Kontrollbeh\u00f6rde:\u00a0Bezirkshauptmannschaft Klagenfurt Vereinsregisternummer 373378344 &nbsp; Webdesign und Webmaster: Arca&amp;Archa, London &nbsp;<\/p>\n","protected":false},"author":1,"featured_media":0,"parent":0,"menu_order":0,"comment_status":"closed","ping_status":"closed","template":"","meta":[],"_links":{"self":[{"href":"https:\/\/open-door.at\/index.php?rest_route=\/wp\/v2\/pages\/28"}],"collection":[{"href":"https:\/\/open-door.at\/index.php?rest_route=\/wp\/v2\/pages"}],"about":[{"href":"https:\/\/open-door.at\/index.php?rest_route=\/wp\/v2\/types\/page"}],"author":[{"embeddable":true,"href":"https:\/\/open-door.at\/index.php?rest_route=\/wp\/v2\/users\/1"}],"replies":[{"embeddable":true,"href":"https:\/\/open-door.at\/index.php?rest_route=%2Fwp%2Fv2%2Fcomments&post=28"}],"version-history":[{"count":4,"href":"https:\/\/open-door.at\/index.php?rest_route=\/wp\/v2\/pages\/28\/revisions"}],"predecessor-version":[{"id":111,"href":"https:\/\/open-door.at\/index.php?rest_route=\/wp\/v2\/pages\/28\/revisions\/111"}],"wp:attachment":[{"href":"https:\/\/open-door.at\/index.php?rest_route=%2Fwp%2Fv2%2Fmedia&parent=28"}],"curies":[{"name":"wp","href":"https:\/\/api.w.org\/{rel}","templated":true}]}}