{"id":71,"date":"2014-03-09T05:24:50","date_gmt":"2014-03-09T04:24:50","guid":{"rendered":"http:\/\/neu.open-door.at\/?page_id=71"},"modified":"2014-03-10T05:23:58","modified_gmt":"2014-03-10T04:23:58","slug":"wissenschaft","status":"publish","type":"page","link":"https:\/\/open-door.at\/?page_id=71","title":{"rendered":"Wissenschaft"},"content":{"rendered":"<h2>Hintergrund<\/h2>\n<p>Die OPEN-DOOR-Pers\u00f6nlichkeitsanalyse basiert auf der von William Moulton Marston entwickelten DISC-Technik und entspricht der Verhaltens-Profil-Analyse (VPA) von Thomas-International. Diese wurde 1958 von Dr. Thomas Hendrickson entwickelt. Thomas International hat die VPA seit 1981 als Kernprodukt und f\u00fchrt weltweit j\u00e4hrlich mehr als zwei Millionen Analysen durch.<\/p>\n<p>Die OPEN-DOOR-Pers\u00f6nlichkeitsanalyse verhilft zu Einblicken, wie Menschen sich bei der Arbeit verhalten und hilft Menschen, ihren eigenen Arbeitsstil und den anderer zu erkennen. Die VPA wird in folgenden Bereichen eingesetzt: Personalauswahl, Mitarbeiterbindung, Personalentwicklung, Management, Karriereberatung, Benchmarking, Bef\u00f6rderung und Team-Analyse.<\/p>\n<h2>Theorie<\/h2>\n<p>Hendrickson entwickelt die VPA auf Basis einer Theorie von William Moulton Marston \u00fcber das menschliche Bewusstsein.<\/p>\n<p>Marstons Theorie besagt, dass Handlungen, basierend auf Emotionen, eine biosoziale Reaktion auf ein unterst\u00fctzendes oder feindliches soziales Umfeld darstellen. Diese Handlungen bestimmen, wie ein Individuum mit seinem Umfeld interagiert. Diese Interaktion kann in vier Hauptarten geschehen: Die Tendenz zu dominieren, zu beeinflussen, sich unterzuordnen oder zu befolgen, dies bildet das Akronym &#8222;DISC&#8220;. Marston ver\u00f6ffentlichte 1928 sein Buch: &#8222;Emotions of Normal People&#8220; , in welchem er diese Theorie des menschlichen Verhaltens, bekannter als die &#8222;DISC&#8220; Theorie, beschreibt. Seine Theorie beinhaltet zwei Herangehensweisen &#8211; die psychologische und die psychoanalytische.<\/p>\n<p>Thomas Hendrickson entwickelte dann 1958 die VPA, auf Basis von Marstons Theorie, als ipsatives Analysesystem f\u00fcr den Arbeitsbereich.<\/p>\n<p>Die Analyse stellt fest, ob ein Kandidat Situationen am Arbeitsplatz als g\u00fcnstig oder feinlich\/herausfordernd wahrnimmt und ob sein Reaktionsmuster aktiv oder passiv ist. Dies teilt das bevorzugte Verhalten von Menschen in vier Hauptbereiche ein: Dominanz, Einfluss, Best\u00e4ndigkeit oder Einwilligung.<\/p>\n<p><span style=\"color: #333333;\">Die Thomas-VPA (entsprcht der OPEN-DOOR-Analyse) ist von der angesehenen\u00a0<a href=\"http:\/\/www.bps.org.uk\/\" target=\"_blank\"><span style=\"color: #333333;\">British Psychological Society<\/span><\/a>\u00a0(BPS) anerkannt und von der European Standing Committee on Test and Testing, Teil der\u00a0<a href=\"http:\/\/www.efpa.eu\/\"><span style=\"color: #333333;\">European Federation of Psychologists\u2019 Associations<\/span><\/a>,\u00a0auditiert.<\/span><\/p>\n","protected":false},"excerpt":{"rendered":"<p>Hintergrund Die OPEN-DOOR-Pers\u00f6nlichkeitsanalyse basiert auf der von William Moulton Marston entwickelten DISC-Technik und entspricht der Verhaltens-Profil-Analyse (VPA) von Thomas-International. Diese wurde 1958 von Dr. Thomas Hendrickson entwickelt. Thomas International hat die VPA seit 1981 als Kernprodukt und f\u00fchrt weltweit j\u00e4hrlich mehr als zwei Millionen Analysen durch. Die OPEN-DOOR-Pers\u00f6nlichkeitsanalyse verhilft zu Einblicken, wie Menschen sich bei &hellip; <a href=\"https:\/\/open-door.at\/?page_id=71\" class=\"more-link\"><span class=\"screen-reader-text\">Wissenschaft<\/span> weiterlesen <span class=\"meta-nav\">&rarr;<\/span><\/a><\/p>\n","protected":false},"author":1,"featured_media":0,"parent":0,"menu_order":0,"comment_status":"closed","ping_status":"closed","template":"","meta":[],"_links":{"self":[{"href":"https:\/\/open-door.at\/index.php?rest_route=\/wp\/v2\/pages\/71"}],"collection":[{"href":"https:\/\/open-door.at\/index.php?rest_route=\/wp\/v2\/pages"}],"about":[{"href":"https:\/\/open-door.at\/index.php?rest_route=\/wp\/v2\/types\/page"}],"author":[{"embeddable":true,"href":"https:\/\/open-door.at\/index.php?rest_route=\/wp\/v2\/users\/1"}],"replies":[{"embeddable":true,"href":"https:\/\/open-door.at\/index.php?rest_route=%2Fwp%2Fv2%2Fcomments&post=71"}],"version-history":[{"count":3,"href":"https:\/\/open-door.at\/index.php?rest_route=\/wp\/v2\/pages\/71\/revisions"}],"predecessor-version":[{"id":109,"href":"https:\/\/open-door.at\/index.php?rest_route=\/wp\/v2\/pages\/71\/revisions\/109"}],"wp:attachment":[{"href":"https:\/\/open-door.at\/index.php?rest_route=%2Fwp%2Fv2%2Fmedia&parent=71"}],"curies":[{"name":"wp","href":"https:\/\/api.w.org\/{rel}","templated":true}]}}