{"id":74,"date":"2014-03-09T08:59:05","date_gmt":"2014-03-09T07:59:05","guid":{"rendered":"http:\/\/neu.open-door.at\/?page_id=74"},"modified":"2014-03-10T05:17:12","modified_gmt":"2014-03-10T04:17:12","slug":"analysen","status":"publish","type":"page","link":"https:\/\/open-door.at\/?page_id=74","title":{"rendered":"Analysen"},"content":{"rendered":"<h3>OPEN-DOOR-Profilanalyse (= Verhaltensprofilanalyse)<\/h3>\n<p>Diese stellt die Basis dar und enth\u00e4lt bereits wesentliche Informationen zur Person.<\/p>\n<ul>\n<li>Grafik III &#8211; wie Sie sich selbst sehen bzw. wie sich der Kandidat sieht<\/li>\n<li>Selbstmotivation<\/li>\n<li>Berufsausrichtung<\/li>\n<li>Adjektive (Beschreibung der Person)<\/li>\n<li>Grafik I &#8211; Verhalten am Arbeitsplatz mit Beschreibung<\/li>\n<li>Grafik II &#8211; Verhalten unter Druck mit Beschreibung<\/li>\n<li>Grunds\u00e4tzlicher Kommentar<\/li>\n<\/ul>\n<h3>Kurzfassung f\u00fcr Manager<\/h3>\n<p>Erg\u00e4nzungstool f\u00fcr Manager, die sich einen schnellen \u00dcberblick verschaffen wollen.<\/p>\n<ul>\n<li>beschreibende Adjektive<\/li>\n<li>allgemeine Eigenschaften<\/li>\n<li>Potenzialaussch\u00f6pfung<\/li>\n<li>geeignete Zust\u00e4ndigkeiten<\/li>\n<li>allf\u00e4llige Besprechungspunkte<\/li>\n<\/ul>\n<h3>Analyse Vertrieb<\/h3>\n<p>Dieses Erg\u00e4nzungstool gibt Auskunft dar\u00fcber, ob eine Person f\u00fcr den Vertrieb und seine Dimensionen geeignet ist.<\/p>\n<ul>\n<li>Akquisition und Kommunikation<\/li>\n<li>Abschluss (F\u00e4higkeiten und Auspr\u00e4gungen)<\/li>\n<li>Kundendienst (Eigenschaften daf\u00fcr)<\/li>\n<li>Pr\u00e4sentation (F\u00e4higkeiten)<\/li>\n<li>Verwaltung (Eignung)<\/li>\n<li>Entwicklungspotentiale<\/li>\n<\/ul>\n<h3>Analyse Management<\/h3>\n<ul>\n<li>\u00a0F\u00fchrung und Motivation<\/li>\n<li>Entscheidungsfindung<\/li>\n<li>Planung und Probleml\u00f6sung<\/li>\n<li>Kommunikation<\/li>\n<li>Administration<\/li>\n<li>F\u00f6rderung von Mitarbeitern<\/li>\n<li>Entwicklungspotential<\/li>\n<\/ul>\n<h3>Strukturiertes Interview<\/h3>\n<p>Leitfaden f\u00fcr den Gespr\u00e4chsf\u00fchrer mit vielen auf das Ergebnis bezogene Fragen.<\/p>\n<h3>Trainingsbedarf<\/h3>\n<p>Hier werden Empfehlungen f\u00fcr weitere Ausbildungsma\u00dfnahmen abgegeben. Diese beziehen sich auf das Analyseergebnis und allf\u00e4llige vorhandene Konflikte, welche die Leistungsf\u00e4higkeit beschr\u00e4nken k\u00f6nnte.<\/p>\n<h3>St\u00e4rken und Begrenzungen<\/h3>\n<p>Die Aufstellungen zeigen Talente, Einstellungen und Verhaltensmuster des Kandidaten \/ der Kandidatin und sind in der Regel wichtige \u00a0Entscheidungskriterien.<\/p>\n<h3>Feedback f\u00fcr den Kandidaten<\/h3>\n<p>In der Regel werden Gesamtanalysen seitens des Unternehmens nicht an die Kandidaten ausgeh\u00e4ndigt.\u00a0Diese Auswertung ist f\u00fcr den Kandidaten \/ die Kandidatin vorgesehen und entspricht den gesetzlichen Vorgaben.<\/p>\n<h3>F\u00fchrungskompetenzen<\/h3>\n<ul>\n<li>Pers\u00f6nlicher F\u00fchrungsstil &#8211; z.B. F\u00fchrungsst\u00e4rken, Begrenzungen, Kommunikation, Pr\u00e4sentationsstil, Entscheidungsfindungsstil, Einhalten von Fristen und Zeitmanagement, Zielorientierung, Verwaltung, Planung und Probleml\u00f6sung, Sicherstellung der Qualit\u00e4t und Genauigkeit, Umgang mit Kritik und Aggressionen<\/li>\n<li>Trainings- und Entwicklungsbedarf<\/li>\n<\/ul>\n<h3>Berufliche Ausrichtung<\/h3>\n<ul>\n<li>Grafik III &#8211; Wie \u00a0sich der Kandidat \/ die Kandidatin selbst sieht<\/li>\n<li>Selbstmotivation<\/li>\n<li>Berufsausrichtung<\/li>\n<li>Adjektive<\/li>\n<li>Motivationsfaktoren<\/li>\n<li>Berufliche Schwerpunkte<\/li>\n<\/ul>\n<h3>Fragenkatalog Vertrieb<\/h3>\n<ul>\n<li>Eigenschaften<\/li>\n<li>Verkaufsf\u00e4higkeiten<\/li>\n<li>Interview-Hindernisse<\/li>\n<li>Interview-Fragen &#8211; davon gibt es ein F\u00fclle, die sich direkt auf das individuelle Analyseergebnis beziehen<\/li>\n<\/ul>\n<h3>Grafiken und Zahlenwerte<\/h3>\n<p>Diese geben VPA-Experten und zertifizierten Thomas-Analysten \u00a0einen schnellen \u00dcberblick \u00fcber die Kandidaten. Aber auch Ungeschulte sehen in den drei Grafiken &#8222;Verhalten am Arbeitsplatz&#8220;, &#8222;Verhalten unter Druck&#8220; und &#8222;Selbstbild&#8220; umgehend die Schwerpunkte der analysierten Personen.<\/p>\n<p>&nbsp;<\/p>\n<h3><\/h3>\n","protected":false},"excerpt":{"rendered":"<p>OPEN-DOOR-Profilanalyse (= Verhaltensprofilanalyse) Diese stellt die Basis dar und enth\u00e4lt bereits wesentliche Informationen zur Person. Grafik III &#8211; wie Sie sich selbst sehen bzw. wie sich der Kandidat sieht Selbstmotivation Berufsausrichtung Adjektive (Beschreibung der Person) Grafik I &#8211; Verhalten am Arbeitsplatz mit Beschreibung Grafik II &#8211; Verhalten unter Druck mit Beschreibung Grunds\u00e4tzlicher Kommentar Kurzfassung f\u00fcr &hellip; <a href=\"https:\/\/open-door.at\/?page_id=74\" class=\"more-link\"><span class=\"screen-reader-text\">Analysen<\/span> weiterlesen <span class=\"meta-nav\">&rarr;<\/span><\/a><\/p>\n","protected":false},"author":1,"featured_media":0,"parent":0,"menu_order":0,"comment_status":"closed","ping_status":"closed","template":"","meta":[],"_links":{"self":[{"href":"https:\/\/open-door.at\/index.php?rest_route=\/wp\/v2\/pages\/74"}],"collection":[{"href":"https:\/\/open-door.at\/index.php?rest_route=\/wp\/v2\/pages"}],"about":[{"href":"https:\/\/open-door.at\/index.php?rest_route=\/wp\/v2\/types\/page"}],"author":[{"embeddable":true,"href":"https:\/\/open-door.at\/index.php?rest_route=\/wp\/v2\/users\/1"}],"replies":[{"embeddable":true,"href":"https:\/\/open-door.at\/index.php?rest_route=%2Fwp%2Fv2%2Fcomments&post=74"}],"version-history":[{"count":3,"href":"https:\/\/open-door.at\/index.php?rest_route=\/wp\/v2\/pages\/74\/revisions"}],"predecessor-version":[{"id":107,"href":"https:\/\/open-door.at\/index.php?rest_route=\/wp\/v2\/pages\/74\/revisions\/107"}],"wp:attachment":[{"href":"https:\/\/open-door.at\/index.php?rest_route=%2Fwp%2Fv2%2Fmedia&parent=74"}],"curies":[{"name":"wp","href":"https:\/\/api.w.org\/{rel}","templated":true}]}}