{"id":8,"date":"2014-02-25T23:31:12","date_gmt":"2014-02-25T21:31:12","guid":{"rendered":"http:\/\/neu.open-door.at\/?page_id=8"},"modified":"2014-03-10T05:19:10","modified_gmt":"2014-03-10T04:19:10","slug":"recruiting","status":"publish","type":"page","link":"https:\/\/open-door.at\/?page_id=8","title":{"rendered":"Recruiting"},"content":{"rendered":"<p>Sie wollen neue Mitarbeiter einstellen. Das ist immer mit einem Risiko verbunden und da kann es um sehr viel Geld gehen.<\/p>\n<p>Rechnen Sie damit, dass Ihre Bewerber gut vorbereitet sind, dass Sie B\u00fccher gelesen haben und dass Sie jene Antworten erhalten, die Sie erwarten. Ja, Bewerber sind heute angepasst und wissen, was sie Ihnen erz\u00e4hlen sollen. Aber ist das die Wahrheit? Wenn nicht, dann kommen Sie vielleicht innerhalb der Probezeit dahinter, vielleicht aber auch viel sp\u00e4ter. Die Konsequenzen sind neue Ausschreibungen, neue Personalgespr\u00e4che, mehr Aufwand, weitere Kosten, sinnlos eingesetzt Einschulungen und Zeitverluste.<\/p>\n<p>Nichts ist im Recruiting so wichtig, wie eine wohl\u00fcberlebte und abgesicherte Personalentscheidung. Hier spielt Objektivit\u00e4t eine wesentliche Rolle. Nicht jeder Chef kann auf einen erfahrenen Personalchef zur\u00fcckgreifen oder es stehen keine professionelle Instrumente f\u00fcr ein effizientes und effektives Recruiting zur Verf\u00fcgung. Da k\u00f6nnen wir helfen &#8211; unkompliziert und rasch. Wir analysieren Ihre BewerberInnen \u00fcber das Internet und Sie erhalten innerhalb von Minuten ein umfangreiches Analysepaket.<\/p>\n<p>Testen Sie uns!<\/p>\n","protected":false},"excerpt":{"rendered":"<p>Sie wollen neue Mitarbeiter einstellen. Das ist immer mit einem Risiko verbunden und da kann es um sehr viel Geld gehen. Rechnen Sie damit, dass Ihre Bewerber gut vorbereitet sind, dass Sie B\u00fccher gelesen haben und dass Sie jene Antworten erhalten, die Sie erwarten. Ja, Bewerber sind heute angepasst und wissen, was sie Ihnen erz\u00e4hlen &hellip; <a href=\"https:\/\/open-door.at\/?page_id=8\" class=\"more-link\"><span class=\"screen-reader-text\">Recruiting<\/span> weiterlesen <span class=\"meta-nav\">&rarr;<\/span><\/a><\/p>\n","protected":false},"author":1,"featured_media":0,"parent":0,"menu_order":0,"comment_status":"closed","ping_status":"closed","template":"","meta":[],"_links":{"self":[{"href":"https:\/\/open-door.at\/index.php?rest_route=\/wp\/v2\/pages\/8"}],"collection":[{"href":"https:\/\/open-door.at\/index.php?rest_route=\/wp\/v2\/pages"}],"about":[{"href":"https:\/\/open-door.at\/index.php?rest_route=\/wp\/v2\/types\/page"}],"author":[{"embeddable":true,"href":"https:\/\/open-door.at\/index.php?rest_route=\/wp\/v2\/users\/1"}],"replies":[{"embeddable":true,"href":"https:\/\/open-door.at\/index.php?rest_route=%2Fwp%2Fv2%2Fcomments&post=8"}],"version-history":[{"count":1,"href":"https:\/\/open-door.at\/index.php?rest_route=\/wp\/v2\/pages\/8\/revisions"}],"predecessor-version":[{"id":9,"href":"https:\/\/open-door.at\/index.php?rest_route=\/wp\/v2\/pages\/8\/revisions\/9"}],"wp:attachment":[{"href":"https:\/\/open-door.at\/index.php?rest_route=%2Fwp%2Fv2%2Fmedia&parent=8"}],"curies":[{"name":"wp","href":"https:\/\/api.w.org\/{rel}","templated":true}]}}